{"id":1036,"date":"2019-10-31T11:07:25","date_gmt":"2019-10-31T11:07:25","guid":{"rendered":"http:\/\/wp.cdsmarketing-online.com\/uber-uns\/"},"modified":"2020-01-28T11:23:30","modified_gmt":"2020-01-28T10:23:30","slug":"uber-uns","status":"publish","type":"page","link":"https:\/\/cdsmarketing-online.com\/de\/uber-uns\/","title":{"rendered":"Uber uns"},"content":{"rendered":"\t\t<div data-elementor-type=\"wp-post\" data-elementor-id=\"1036\" class=\"elementor elementor-1036 elementor-19\" data-elementor-post-type=\"page\">\n\t\t\t\t\t\t\t\t\t<section class=\"elementor-section elementor-top-section elementor-element elementor-element-9erhmsy elementor-section-stretched elementor-section-boxed elementor-section-height-default elementor-section-height-default\" data-id=\"9erhmsy\" data-element_type=\"section\" data-settings=\"{&quot;stretch_section&quot;:&quot;section-stretched&quot;,&quot;background_background&quot;:&quot;classic&quot;}\">\n\t\t\t\t\t\t\t<div class=\"elementor-background-overlay\"><\/div>\n\t\t\t\t\t\t\t<div class=\"elementor-container elementor-column-gap-default\">\n\t\t\t\t\t<div class=\"elementor-column elementor-col-33 elementor-top-column elementor-element elementor-element-v12diir\" data-id=\"v12diir\" data-element_type=\"column\">\n\t\t\t<div class=\"elementor-widget-wrap\">\n\t\t\t\t\t\t\t\t\t<\/div>\n\t\t<\/div>\n\t\t\t\t<div class=\"elementor-column elementor-col-33 elementor-top-column elementor-element elementor-element-pjrc9kw\" data-id=\"pjrc9kw\" data-element_type=\"column\">\n\t\t\t<div class=\"elementor-widget-wrap elementor-element-populated\">\n\t\t\t\t\t\t\t\t<div class=\"elementor-element elementor-element-tcpscha elementor-widget elementor-widget-heading\" data-id=\"tcpscha\" data-element_type=\"widget\" data-widget_type=\"heading.default\">\n\t\t\t\t<div class=\"elementor-widget-container\">\n\t\t\t<h1 class=\"elementor-heading-title elementor-size-default\">\u00dcber uns<\/h1>\t\t<\/div>\n\t\t\t\t<\/div>\n\t\t\t\t<div class=\"elementor-element elementor-element-u6e285h elementor-widget elementor-widget-heading\" data-id=\"u6e285h\" data-element_type=\"widget\" data-widget_type=\"heading.default\">\n\t\t\t\t<div class=\"elementor-widget-container\">\n\t\t\t<h4 class=\"elementor-heading-title elementor-size-default\">Willkommen bei CdS Marketing ONline<\/h4>\t\t<\/div>\n\t\t\t\t<\/div>\n\t\t\t\t<div class=\"elementor-element elementor-element-6ldwy8a elementor-widget elementor-widget-text-editor\" data-id=\"6ldwy8a\" data-element_type=\"widget\" data-widget_type=\"text-editor.default\">\n\t\t\t\t<div class=\"elementor-widget-container\">\n\t\t\t\t\t\t\t<p>\u200bWebdesign, Soziale Medien, SEO, SEM, Content-Erstellung, Business Directory, Domains und Hosting<\/p>\t\t\t\t\t\t<\/div>\n\t\t\t\t<\/div>\n\t\t\t\t\t<\/div>\n\t\t<\/div>\n\t\t\t\t<div class=\"elementor-column elementor-col-33 elementor-top-column elementor-element elementor-element-243e7ft\" data-id=\"243e7ft\" data-element_type=\"column\">\n\t\t\t<div class=\"elementor-widget-wrap\">\n\t\t\t\t\t\t\t\t\t<\/div>\n\t\t<\/div>\n\t\t\t\t\t\t\t<\/div>\n\t\t<\/section>\n\t\t\t\t<section class=\"elementor-section elementor-top-section elementor-element elementor-element-np2ue97 elementor-section-stretched elementor-section-boxed elementor-section-height-default elementor-section-height-default\" data-id=\"np2ue97\" data-element_type=\"section\" data-settings=\"{&quot;stretch_section&quot;:&quot;section-stretched&quot;}\">\n\t\t\t\t\t\t<div class=\"elementor-container elementor-column-gap-default\">\n\t\t\t\t\t<div class=\"elementor-column elementor-col-33 elementor-top-column elementor-element elementor-element-xfhxvrd\" data-id=\"xfhxvrd\" data-element_type=\"column\">\n\t\t\t<div class=\"elementor-widget-wrap elementor-element-populated\">\n\t\t\t\t\t\t\t\t<div class=\"elementor-element elementor-element-7mowx5g elementor-widget elementor-widget-heading\" data-id=\"7mowx5g\" data-element_type=\"widget\" data-widget_type=\"heading.default\">\n\t\t\t\t<div class=\"elementor-widget-container\">\n\t\t\t<h3 class=\"elementor-heading-title elementor-size-default\">Wer wir sind\n<\/h3>\t\t<\/div>\n\t\t\t\t<\/div>\n\t\t\t\t<div class=\"elementor-element elementor-element-qxjvut9 elementor-widget-divider--view-line elementor-widget elementor-widget-divider\" data-id=\"qxjvut9\" data-element_type=\"widget\" data-widget_type=\"divider.default\">\n\t\t\t\t<div class=\"elementor-widget-container\">\n\t\t\t\t\t<div class=\"elementor-divider\">\n\t\t\t<span class=\"elementor-divider-separator\">\n\t\t\t\t\t\t<\/span>\n\t\t<\/div>\n\t\t\t\t<\/div>\n\t\t\t\t<\/div>\n\t\t\t\t<div class=\"elementor-element elementor-element-9ung4kd elementor-widget elementor-widget-text-editor\" data-id=\"9ung4kd\" data-element_type=\"widget\" data-widget_type=\"text-editor.default\">\n\t\t\t\t<div class=\"elementor-widget-container\">\n\t\t\t\t\t\t\t<p>Wir sind ein professionelles und engagiertes internationales Team mit langj\u00e4hriger Erfahrung in verschiedenen Medienunternehmen an der Costa del Sol.<\/p>\t\t\t\t\t\t<\/div>\n\t\t\t\t<\/div>\n\t\t\t\t\t<\/div>\n\t\t<\/div>\n\t\t\t\t<div class=\"elementor-column elementor-col-33 elementor-top-column elementor-element elementor-element-fftyb35\" data-id=\"fftyb35\" data-element_type=\"column\">\n\t\t\t<div class=\"elementor-widget-wrap elementor-element-populated\">\n\t\t\t\t\t\t\t\t<div class=\"elementor-element elementor-element-fwplb74 elementor-widget elementor-widget-heading\" data-id=\"fwplb74\" data-element_type=\"widget\" data-widget_type=\"heading.default\">\n\t\t\t\t<div class=\"elementor-widget-container\">\n\t\t\t<h3 class=\"elementor-heading-title elementor-size-default\">Unsere Mission<\/h3>\t\t<\/div>\n\t\t\t\t<\/div>\n\t\t\t\t<div class=\"elementor-element elementor-element-k509uxw elementor-widget-divider--view-line elementor-widget elementor-widget-divider\" data-id=\"k509uxw\" data-element_type=\"widget\" data-widget_type=\"divider.default\">\n\t\t\t\t<div class=\"elementor-widget-container\">\n\t\t\t\t\t<div class=\"elementor-divider\">\n\t\t\t<span class=\"elementor-divider-separator\">\n\t\t\t\t\t\t<\/span>\n\t\t<\/div>\n\t\t\t\t<\/div>\n\t\t\t\t<\/div>\n\t\t\t\t<div class=\"elementor-element elementor-element-pp0r1br elementor-widget elementor-widget-text-editor\" data-id=\"pp0r1br\" data-element_type=\"widget\" data-widget_type=\"text-editor.default\">\n\t\t\t\t<div class=\"elementor-widget-container\">\n\t\t\t\t\t\t\t<p>Unser Ziel ist es, eine komplette Marketing-L\u00f6sung f\u00fcr unsere Kunden zu entwickeln und sie dadurch beim Wachstum ihres Business zu unterst\u00fctzen.<\/p>\t\t\t\t\t\t<\/div>\n\t\t\t\t<\/div>\n\t\t\t\t\t<\/div>\n\t\t<\/div>\n\t\t\t\t<div class=\"elementor-column elementor-col-33 elementor-top-column elementor-element elementor-element-lyeus3u\" data-id=\"lyeus3u\" data-element_type=\"column\">\n\t\t\t<div class=\"elementor-widget-wrap elementor-element-populated\">\n\t\t\t\t\t\t\t\t<div class=\"elementor-element elementor-element-ykcakpi elementor-widget elementor-widget-heading\" data-id=\"ykcakpi\" data-element_type=\"widget\" data-widget_type=\"heading.default\">\n\t\t\t\t<div class=\"elementor-widget-container\">\n\t\t\t<h3 class=\"elementor-heading-title elementor-size-default\">Was wir tun\n<\/h3>\t\t<\/div>\n\t\t\t\t<\/div>\n\t\t\t\t<div class=\"elementor-element elementor-element-b8w40qi elementor-widget-divider--view-line elementor-widget elementor-widget-divider\" data-id=\"b8w40qi\" data-element_type=\"widget\" data-widget_type=\"divider.default\">\n\t\t\t\t<div class=\"elementor-widget-container\">\n\t\t\t\t\t<div class=\"elementor-divider\">\n\t\t\t<span class=\"elementor-divider-separator\">\n\t\t\t\t\t\t<\/span>\n\t\t<\/div>\n\t\t\t\t<\/div>\n\t\t\t\t<\/div>\n\t\t\t\t<div class=\"elementor-element elementor-element-wt82puy elementor-widget elementor-widget-text-editor\" data-id=\"wt82puy\" data-element_type=\"widget\" data-widget_type=\"text-editor.default\">\n\t\t\t\t<div class=\"elementor-widget-container\">\n\t\t\t\t\t\t\t<p>Wir erstellen Webseiten, registrieren die dazu passende Domain und k\u00fcmmern uns um alles, was mit aktuellen Marketing-Strategien im Internet zu tun hat.<\/p>\t\t\t\t\t\t<\/div>\n\t\t\t\t<\/div>\n\t\t\t\t\t<\/div>\n\t\t<\/div>\n\t\t\t\t\t\t\t<\/div>\n\t\t<\/section>\n\t\t\t\t<section class=\"elementor-section elementor-top-section elementor-element elementor-element-iisnkcg elementor-section-stretched elementor-section-boxed elementor-section-height-default elementor-section-height-default\" data-id=\"iisnkcg\" data-element_type=\"section\" data-settings=\"{&quot;stretch_section&quot;:&quot;section-stretched&quot;,&quot;background_background&quot;:&quot;classic&quot;}\">\n\t\t\t\t\t\t<div class=\"elementor-container elementor-column-gap-default\">\n\t\t\t\t\t<div class=\"elementor-column elementor-col-100 elementor-top-column elementor-element elementor-element-y2rahao\" data-id=\"y2rahao\" data-element_type=\"column\">\n\t\t\t<div class=\"elementor-widget-wrap elementor-element-populated\">\n\t\t\t\t\t\t\t\t<div class=\"elementor-element elementor-element-9cnc5lh elementor-widget elementor-widget-heading\" data-id=\"9cnc5lh\" data-element_type=\"widget\" data-widget_type=\"heading.default\">\n\t\t\t\t<div class=\"elementor-widget-container\">\n\t\t\t<h3 class=\"elementor-heading-title elementor-size-default\">Warum Sie von uns profitieren<\/h3>\t\t<\/div>\n\t\t\t\t<\/div>\n\t\t\t\t<div class=\"elementor-element elementor-element-nr60wga elementor-widget-divider--view-line elementor-widget elementor-widget-divider\" data-id=\"nr60wga\" data-element_type=\"widget\" data-widget_type=\"divider.default\">\n\t\t\t\t<div class=\"elementor-widget-container\">\n\t\t\t\t\t<div class=\"elementor-divider\">\n\t\t\t<span class=\"elementor-divider-separator\">\n\t\t\t\t\t\t<\/span>\n\t\t<\/div>\n\t\t\t\t<\/div>\n\t\t\t\t<\/div>\n\t\t\t\t<div class=\"elementor-element elementor-element-e1h0qfm elementor-widget elementor-widget-text-editor\" data-id=\"e1h0qfm\" data-element_type=\"widget\" data-widget_type=\"text-editor.default\">\n\t\t\t\t<div class=\"elementor-widget-container\">\n\t\t\t\t\t\t\t<p>Wir sind ein professionelles und engagiertes internationales Team mit langj\u00e4hriger Erfahrung in verschiedenen Medienunternehmen an der Costa del Sol. Wir arbeiten proaktiv, kreativ und sehr effektiv.<\/p><p>Unsere Leidenschaft ist das Webdesign und wir sind spezialisiert auf Online-Marketing. Dazu geh\u00f6rt die Erstellung von Webseiten und deren Suchmaschinenoptimierung, die Anwendung der wichtigen Google-Tools, das Management von Unternehmensprofilen in den Sozialen Medien, Newsletter-Management und alles, was mit aktuellen Marketing-Strategien im Internet zu tun hat.<\/p><p>Wir m\u00f6chten Ihrem Unternehmen von Anfang an behilflich sein: Von der Planung des Firmenlogos bis hin zum Aufbau und dem anschlie\u00dfenden, stetigen Verbessern der Pr\u00e4senz im Internet. Angefangen mit der Registrierung Ihrer Wunschdomain und der Auswahl des passenden Hosting-Paketes. Die Suchmaschinenoptimierung ist eines unserer Steckenpferde, ob organisch oder bezahlt.<\/p><p>Dazu geh\u00f6rt nat\u00fcrlich auch Ihr Auftritt in den sozialen Medien. Facebook, Twitter, YouTube oder Instagram \u2013 wir besprechen gemeinsam mit Ihnen, welches Medium f\u00fcr Sie das passende ist. Auf Nachfrage helfen wir zudem gerne beim grafischen Design f\u00fcr Printmedien (Zeitung, Magazine, Flyer, Plakate) und beim Druck.<\/p><h4>Professionelles internationales Team<\/h4><p>Dank unseres internationalen Teams mit deutschen, spanischen und englischen Muttersprachlern werden Ihre Texte von uns nicht einfach nur wortw\u00f6rtlich \u00fcbersetzt. Vielmehr sprechen wir die gleiche Sprache wie Ihr Zielpublikum.<\/p><p>Sie k\u00f6nnen sich je nach Bedarf f\u00fcr eine einzelne Dienstleistung entscheiden, oder Ihre Marketingaktionen auf monatlicher Basis zu uns auslagern. Dazu geh\u00f6rt unter anderem auch die Verwaltung von Anzeigenkampagnen in Printmedien. Gerne erkl\u00e4ren wir Ihnen in einem pers\u00f6nlichen Gespr\u00e4ch, was wir tun und wie wir arbeiten. Denn wir sind immer bereit, f\u00fcr unsere Kunden den gewissen Schritt mehr zu machen.<\/p><p>Kurz: CdS Marketing ONline ist eine Agentur mit einem umfassenden digitalen Marketing-Service, die Seite an Seite mit Ihnen zusammenarbeitet. Dadurch werden wir ein Teil Ihres Unternehmens und helfen Ihnen dabei, Ihre Gesch\u00e4ftsziele zu erreichen.<\/p>\t\t\t\t\t\t<\/div>\n\t\t\t\t<\/div>\n\t\t\t\t\t<\/div>\n\t\t<\/div>\n\t\t\t\t\t\t\t<\/div>\n\t\t<\/section>\n\t\t\t\t<section class=\"elementor-section elementor-top-section elementor-element elementor-element-ykfmcfd elementor-section-stretched elementor-section-content-middle elementor-section-boxed elementor-section-height-default elementor-section-height-default\" data-id=\"ykfmcfd\" data-element_type=\"section\" data-settings=\"{&quot;stretch_section&quot;:&quot;section-stretched&quot;,&quot;background_background&quot;:&quot;classic&quot;}\">\n\t\t\t\t\t\t\t<div class=\"elementor-background-overlay\"><\/div>\n\t\t\t\t\t\t\t<div class=\"elementor-container elementor-column-gap-default\">\n\t\t\t\t\t<div class=\"elementor-column elementor-col-50 elementor-top-column elementor-element elementor-element-pkarrpu\" data-id=\"pkarrpu\" data-element_type=\"column\">\n\t\t\t<div class=\"elementor-widget-wrap elementor-element-populated\">\n\t\t\t\t\t\t\t\t<div class=\"elementor-element elementor-element-nwemrvx elementor-widget elementor-widget-heading\" data-id=\"nwemrvx\" data-element_type=\"widget\" data-widget_type=\"heading.default\">\n\t\t\t\t<div class=\"elementor-widget-container\">\n\t\t\t<h3 class=\"elementor-heading-title elementor-size-default\">W\u00fcrden Sie gerne ein Projekt mit uns starten?<\/h3>\t\t<\/div>\n\t\t\t\t<\/div>\n\t\t\t\t<div class=\"elementor-element elementor-element-tegxwag elementor-widget elementor-widget-heading\" data-id=\"tegxwag\" data-element_type=\"widget\" data-widget_type=\"heading.default\">\n\t\t\t\t<div class=\"elementor-widget-container\">\n\t\t\t<p class=\"elementor-heading-title elementor-size-default\">Wir sind ein professionelles und engagiertes internationales Team mit langj\u00e4hriger Erfahrung in verschiedenen Medienunternehmen, das sich auf Online-Marketing spezialisiert hat.<\/p>\t\t<\/div>\n\t\t\t\t<\/div>\n\t\t\t\t\t<\/div>\n\t\t<\/div>\n\t\t\t\t<div class=\"elementor-column elementor-col-50 elementor-top-column elementor-element elementor-element-ivfmpwr\" data-id=\"ivfmpwr\" data-element_type=\"column\">\n\t\t\t<div class=\"elementor-widget-wrap elementor-element-populated\">\n\t\t\t\t\t\t\t\t<div class=\"elementor-element elementor-element-cdefdva elementor-button-info elementor-align-right elementor-tablet-align-right elementor-mobile-align-center elementor-widget elementor-widget-button\" data-id=\"cdefdva\" data-element_type=\"widget\" data-widget_type=\"button.default\">\n\t\t\t\t<div class=\"elementor-widget-container\">\n\t\t\t\t\t<div class=\"elementor-button-wrapper\">\n\t\t\t<a class=\"elementor-button elementor-button-link elementor-size-sm\" href=\"https:\/\/cdsmarketing-online.com\/de\/kontakt\/\">\n\t\t\t\t\t\t<span class=\"elementor-button-content-wrapper\">\n\t\t\t\t\t\t<span class=\"elementor-button-text\">Jetzt Angebot einholen!<\/span>\n\t\t<\/span>\n\t\t\t\t\t<\/a>\n\t\t<\/div>\n\t\t\t\t<\/div>\n\t\t\t\t<\/div>\n\t\t\t\t\t<\/div>\n\t\t<\/div>\n\t\t\t\t\t\t\t<\/div>\n\t\t<\/section>\n\t\t\t\t\t\t\t<\/div>\n\t\t   ","protected":false},"excerpt":{"rendered":"<p>\u00dcber uns Willkommen bei CdS Marketing ONline \u200bWebdesign, Soziale Medien, SEO, SEM, Content-Erstellung, Business Directory, Domains und Hosting Wer wir sind Wir sind ein professionelles und engagiertes internationales Team mit langj\u00e4hriger Erfahrung in verschiedenen Medienunternehmen an der Costa del Sol. Unsere Mission Unser Ziel ist es, eine komplette Marketing-L\u00f6sung f\u00fcr unsere Kunden zu entwickeln und &hellip;<\/p>\n<p class=\"read-more\"> <a class=\"\" href=\"https:\/\/cdsmarketing-online.com\/de\/uber-uns\/\"> <span class=\"screen-reader-text\">Uber uns<\/span> Read More \u00bb<\/a><\/p>\n","protected":false},"author":1,"featured_media":1587,"parent":0,"menu_order":0,"comment_status":"closed","ping_status":"closed","template":"","meta":{"site-sidebar-layout":"no-sidebar","site-content-layout":"page-builder","ast-site-content-layout":"","site-content-style":"default","site-sidebar-style":"default","ast-global-header-display":"","ast-banner-title-visibility":"","ast-main-header-display":"","ast-hfb-above-header-display":"","ast-hfb-below-header-display":"","ast-hfb-mobile-header-display":"","site-post-title":"disabled","ast-breadcrumbs-content":"","ast-featured-img":"disabled","footer-sml-layout":"","theme-transparent-header-meta":"default","adv-header-id-meta":"","stick-header-meta":"default","header-above-stick-meta":"","header-main-stick-meta":"","header-below-stick-meta":"","astra-migrate-meta-layouts":"","ast-page-background-enabled":"default","ast-page-background-meta":{"desktop":{"background-color":"","background-image":"","background-repeat":"repeat","background-position":"center center","background-size":"auto","background-attachment":"scroll","background-type":"","background-media":"","overlay-type":"","overlay-color":"","overlay-gradient":""},"tablet":{"background-color":"","background-image":"","background-repeat":"repeat","background-position":"center center","background-size":"auto","background-attachment":"scroll","background-type":"","background-media":"","overlay-type":"","overlay-color":"","overlay-gradient":""},"mobile":{"background-color":"","background-image":"","background-repeat":"repeat","background-position":"center center","background-size":"auto","background-attachment":"scroll","background-type":"","background-media":"","overlay-type":"","overlay-color":"","overlay-gradient":""}},"ast-content-background-meta":{"desktop":{"background-color":"var(--ast-global-color-5)","background-image":"","background-repeat":"repeat","background-position":"center center","background-size":"auto","background-attachment":"scroll","background-type":"","background-media":"","overlay-type":"","overlay-color":"","overlay-gradient":""},"tablet":{"background-color":"var(--ast-global-color-5)","background-image":"","background-repeat":"repeat","background-position":"center center","background-size":"auto","background-attachment":"scroll","background-type":"","background-media":"","overlay-type":"","overlay-color":"","overlay-gradient":""},"mobile":{"background-color":"var(--ast-global-color-5)","background-image":"","background-repeat":"repeat","background-position":"center center","background-size":"auto","background-attachment":"scroll","background-type":"","background-media":"","overlay-type":"","overlay-color":"","overlay-gradient":""}}},"_links":{"self":[{"href":"https:\/\/cdsmarketing-online.com\/de\/wp-json\/wp\/v2\/pages\/1036"}],"collection":[{"href":"https:\/\/cdsmarketing-online.com\/de\/wp-json\/wp\/v2\/pages"}],"about":[{"href":"https:\/\/cdsmarketing-online.com\/de\/wp-json\/wp\/v2\/types\/page"}],"author":[{"embeddable":true,"href":"https:\/\/cdsmarketing-online.com\/de\/wp-json\/wp\/v2\/users\/1"}],"replies":[{"embeddable":true,"href":"https:\/\/cdsmarketing-online.com\/de\/wp-json\/wp\/v2\/comments?post=1036"}],"version-history":[{"count":0,"href":"https:\/\/cdsmarketing-online.com\/de\/wp-json\/wp\/v2\/pages\/1036\/revisions"}],"wp:featuredmedia":[{"embeddable":true,"href":"https:\/\/cdsmarketing-online.com\/de\/wp-json\/wp\/v2\/media\/1587"}],"wp:attachment":[{"href":"https:\/\/cdsmarketing-online.com\/de\/wp-json\/wp\/v2\/media?parent=1036"}],"curies":[{"name":"wp","href":"https:\/\/api.w.org\/{rel}","templated":true}]}}